{"id":51,"date":"2025-12-12T23:48:50","date_gmt":"2025-12-12T22:48:50","guid":{"rendered":"https:\/\/landm.pl\/?page_id=51"},"modified":"2025-12-13T11:12:02","modified_gmt":"2025-12-13T10:12:02","slug":"partnerzy","status":"publish","type":"page","link":"https:\/\/landm.pl\/?page_id=51&lang=pl","title":{"rendered":"PARTNERZY"},"content":{"rendered":"\n<p><strong>Nasze Strategiczne Partnerstwa<\/strong><\/p>\n\n\n\n<p>W <strong>L AND M Trading<\/strong> wierzymy, \u017ce si\u0142a tkwi w specjalistycznej wsp\u00f3\u0142pracy. Aby zapewni\u0107 naszym Klientom kompleksowe i niezawodne wsparcie na ka\u017cdym etapie wej\u015bcia na rynek i rozwoju dzia\u0142alno\u015bci, nawi\u0105zali\u015bmy \u015bcis\u0142\u0105 wsp\u00f3\u0142prac\u0119 z wiod\u0105cymi firmami doradczymi i eksperckimi.<\/p>\n\n\n\n<div class=\"alignnormal\"><div id=\"metaslider-id-119\" style=\"width: 100%; margin: 0 auto;\" class=\"ml-slider-3-103-0 metaslider metaslider-flex metaslider-119 ml-slider has-dots-nav has-carousel-mode ms-theme-default-base\" role=\"region\" aria-label=\"New Slideshow\" data-height=\"300\" data-width=\"800\">\n    <div id=\"metaslider_container_119\">\n        <div id=\"metaslider_119\">\n            <ul aria-live='off' class='slides'>\n                <li style=\"display: none; width: 100%;\" class=\"slide-120 ms-image \" aria-roledescription=\"slide\" data-date=\"2025-12-13 11:06:10\" data-slide-type=\"image\"><img loading=\"lazy\" decoding=\"async\" src=\"https:\/\/landm.pl\/wp-content\/uploads\/2025\/12\/Chenxing-S-666x250.png\" height=\"300\" width=\"800\" alt=\"\" class=\"slider-119 slide-120 msDefaultImage\" title=\"Chenxing S\" \/><\/li>\n                <li style=\"display: none; width: 100%;\" class=\"slide-122 ms-image \" aria-roledescription=\"slide\" data-date=\"2025-12-13 11:07:00\" data-slide-type=\"image\"><img loading=\"lazy\" decoding=\"async\" src=\"https:\/\/landm.pl\/wp-content\/uploads\/2025\/12\/Screenshot-2025-12-13-at-11-08-49-Witamy-Kancelaria-Radcy-Prawnego-Dariusz-Grajewski-378x142.png\" height=\"300\" width=\"800\" alt=\"\" class=\"slider-119 slide-122 msDefaultImage\" title=\"Screenshot 2025-12-13 at 11-08-49 Witamy - Kancelaria Radcy Prawnego Dariusz Grajewski\" \/><div class=\"caption-wrap\"><div class=\"caption\"><div><a href=\"https:\/\/www.kancelariadariuszgrajewski.pl\">www.kancelariadariuszgrajewski.pl<\/a><\/div><\/div><\/div><\/li>\n                <li style=\"display: none; width: 100%;\" class=\"slide-124 ms-image \" aria-roledescription=\"slide\" data-date=\"2025-12-13 11:07:18\" data-slide-type=\"image\"><img loading=\"lazy\" decoding=\"async\" src=\"https:\/\/landm.pl\/wp-content\/uploads\/2025\/12\/Screenshot-2025-12-13-at-11-09-41-Witamy-Agencja-Lucky8-314x118.png\" height=\"300\" width=\"800\" alt=\"\" class=\"slider-119 slide-124 msDefaultImage\" title=\"Screenshot 2025-12-13 at 11-09-41 Witamy - Agencja Lucky8\" \/><div class=\"caption-wrap\"><div class=\"caption\"><div><a href=\"https:\/\/www.lucky8.pl\">www.lucky8.pl<\/a><\/div><\/div><\/div><\/li>\n            <\/ul>\n        <\/div>\n        \n    <\/div>\n<\/div><\/div>\n\n\n\n<p>Razem z naszymi partnerami oferujemy synergi\u0119 us\u0142ug, kt\u00f3ra wykracza poza sam handel i sourcing. Dzi\u0119ki temu mo\u017cemy Pa\u0144stwu zaproponowa\u0107 <strong>zintegrowane rozwi\u0105zanie \u201epod klucz\u201d<\/strong>, obejmuj\u0105ce:<\/p>\n\n\n\n<ul class=\"wp-block-list\">\n<li><strong>Wsparcie Technologiczne:<\/strong> Wdro\u017cenie system\u00f3w e-commerce, integracja platform sprzeda\u017cowych, optymalizacja stron internetowych pod k\u0105tem rynku polskiego i UE, wsparcie IT.<\/li>\n\n\n\n<li><strong>Wsparcie Prawne:<\/strong> Kompleksowe doradztwo w zakresie zak\u0142adania sp\u00f3\u0142ek w Polsce, przepis\u00f3w UE, prawa celnego, ochrony danych (RODO), um\u00f3w handlowych oraz ochrony w\u0142asno\u015bci intelektualnej.<\/li>\n\n\n\n<li><strong>Wsparcie Marketingowe:<\/strong> Budowanie skutecznych strategii marketingowych, kampanie digital marketing i social media, branding, badania rynku oraz lokalizacja tre\u015bci marketingowych.<\/li>\n\n\n\n<li><strong>Wsparcie Public Relations (PR) i Komunikacji:<\/strong> Budowanie wizerunku marki na rynku polskim, relacje z mediami, komunikacja kryzysowa oraz dzia\u0142ania integruj\u0105ce mark\u0119 z lokalnym \u015brodowiskiem biznesowym.<\/li>\n<\/ul>\n\n\n\n<p>Nasza sie\u0107 partnerstw pozwala nam dzia\u0142a\u0107 jako <strong>jeden, sp\u00f3jny punkt kontaktu<\/strong>, kt\u00f3ry koordynuje wszystkie niezb\u0119dne dzia\u0142ania, oszcz\u0119dzaj\u0105c Pa\u0144stwu czasu i redukuj\u0105c z\u0142o\u017cono\u015b\u0107 prowadzenia biznesu mi\u0119dzynarodowego.<\/p>\n\n\n\n<p><strong>Zbudujmy razem Tw\u00f3j sukces na rynku polskim i europejskim.<\/strong><\/p>\n","protected":false},"excerpt":{"rendered":"<p>Nasze Strategiczne Partnerstwa W L AND M Trading wierzymy, \u017ce si\u0142a tkwi w specjalistycznej wsp\u00f3\u0142pracy. Aby zapewni\u0107 naszym Klientom kompleksowe i niezawodne wsparcie na ka\u017cdym etapie wej\u015bcia na rynek i rozwoju dzia\u0142alno\u015bci, nawi\u0105zali\u015bmy \u015bcis\u0142\u0105 wsp\u00f3\u0142prac\u0119 z wiod\u0105cymi firmami doradczymi i eksperckimi. Razem z naszymi partnerami oferujemy synergi\u0119 us\u0142ug, kt\u00f3ra wykracza poza sam handel i sourcing. [&hellip;]<\/p>\n","protected":false},"author":1,"featured_media":0,"parent":0,"menu_order":0,"comment_status":"closed","ping_status":"closed","template":"","meta":{"footnotes":""},"class_list":["post-51","page","type-page","status-publish","hentry"],"blocksy_meta":[],"yoast_head":"<!-- This site is optimized with the Yoast SEO plugin v26.5 - https:\/\/yoast.com\/wordpress\/plugins\/seo\/ -->\n<title>PARTNERZY - L AND M TRADING<\/title>\n<meta name=\"robots\" content=\"index, follow, max-snippet:-1, max-image-preview:large, max-video-preview:-1\" \/>\n<link rel=\"canonical\" href=\"https:\/\/landm.pl\/?page_id=51&lang=pl\" \/>\n<meta property=\"og:locale\" content=\"pl_PL\" \/>\n<meta property=\"og:type\" content=\"article\" \/>\n<meta property=\"og:title\" content=\"PARTNERZY - L AND M TRADING\" \/>\n<meta property=\"og:description\" content=\"Nasze Strategiczne Partnerstwa W L AND M Trading wierzymy, \u017ce si\u0142a tkwi w specjalistycznej wsp\u00f3\u0142pracy. Aby zapewni\u0107 naszym Klientom kompleksowe i niezawodne wsparcie na ka\u017cdym etapie wej\u015bcia na rynek i rozwoju dzia\u0142alno\u015bci, nawi\u0105zali\u015bmy \u015bcis\u0142\u0105 wsp\u00f3\u0142prac\u0119 z wiod\u0105cymi firmami doradczymi i eksperckimi. Razem z naszymi partnerami oferujemy synergi\u0119 us\u0142ug, kt\u00f3ra wykracza poza sam handel i sourcing. [&hellip;]\" \/>\n<meta property=\"og:url\" content=\"https:\/\/landm.pl\/?page_id=51&amp;lang=pl\" \/>\n<meta property=\"og:site_name\" content=\"L AND M TRADING\" \/>\n<meta property=\"article:modified_time\" content=\"2025-12-13T10:12:02+00:00\" \/>\n<meta name=\"twitter:card\" content=\"summary_large_image\" \/>\n<meta name=\"twitter:label1\" content=\"Szacowany czas czytania\" \/>\n\t<meta name=\"twitter:data1\" content=\"1 minuta\" \/>\n<script type=\"application\/ld+json\" class=\"yoast-schema-graph\">{\"@context\":\"https:\/\/schema.org\",\"@graph\":[{\"@type\":\"WebPage\",\"@id\":\"https:\/\/landm.pl\/?page_id=51&lang=pl\",\"url\":\"https:\/\/landm.pl\/?page_id=51&lang=pl\",\"name\":\"PARTNERZY - L AND M TRADING\",\"isPartOf\":{\"@id\":\"https:\/\/landm.pl\/#website\"},\"datePublished\":\"2025-12-12T22:48:50+00:00\",\"dateModified\":\"2025-12-13T10:12:02+00:00\",\"breadcrumb\":{\"@id\":\"https:\/\/landm.pl\/?page_id=51&lang=pl#breadcrumb\"},\"inLanguage\":\"pl-PL\",\"potentialAction\":[{\"@type\":\"ReadAction\",\"target\":[\"https:\/\/landm.pl\/?page_id=51&lang=pl\"]}]},{\"@type\":\"BreadcrumbList\",\"@id\":\"https:\/\/landm.pl\/?page_id=51&lang=pl#breadcrumb\",\"itemListElement\":[{\"@type\":\"ListItem\",\"position\":1,\"name\":\"Strona g\u0142\u00f3wna\",\"item\":\"https:\/\/landm.pl\/?page_id=39&lang=pl\"},{\"@type\":\"ListItem\",\"position\":2,\"name\":\"PARTNERZY\"}]},{\"@type\":\"WebSite\",\"@id\":\"https:\/\/landm.pl\/#website\",\"url\":\"https:\/\/landm.pl\/\",\"name\":\"L AND M TRADING your partners in ecommerce\",\"description\":\"your Chi-Pol e-commerce partner\",\"publisher\":{\"@id\":\"https:\/\/landm.pl\/#organization\"},\"potentialAction\":[{\"@type\":\"SearchAction\",\"target\":{\"@type\":\"EntryPoint\",\"urlTemplate\":\"https:\/\/landm.pl\/?s={search_term_string}\"},\"query-input\":{\"@type\":\"PropertyValueSpecification\",\"valueRequired\":true,\"valueName\":\"search_term_string\"}}],\"inLanguage\":\"pl-PL\"},{\"@type\":\"Organization\",\"@id\":\"https:\/\/landm.pl\/#organization\",\"name\":\"L AND M TRADING\",\"url\":\"https:\/\/landm.pl\/\",\"logo\":{\"@type\":\"ImageObject\",\"inLanguage\":\"pl-PL\",\"@id\":\"https:\/\/landm.pl\/#\/schema\/logo\/image\/\",\"url\":\"https:\/\/landm.pl\/wp-content\/uploads\/2025\/12\/LM.png\",\"contentUrl\":\"https:\/\/landm.pl\/wp-content\/uploads\/2025\/12\/LM.png\",\"width\":500,\"height\":500,\"caption\":\"L AND M TRADING\"},\"image\":{\"@id\":\"https:\/\/landm.pl\/#\/schema\/logo\/image\/\"}}]}<\/script>\n<!-- \/ Yoast SEO plugin. -->","yoast_head_json":{"title":"PARTNERZY - L AND M TRADING","robots":{"index":"index","follow":"follow","max-snippet":"max-snippet:-1","max-image-preview":"max-image-preview:large","max-video-preview":"max-video-preview:-1"},"canonical":"https:\/\/landm.pl\/?page_id=51&lang=pl","og_locale":"pl_PL","og_type":"article","og_title":"PARTNERZY - L AND M TRADING","og_description":"Nasze Strategiczne Partnerstwa W L AND M Trading wierzymy, \u017ce si\u0142a tkwi w specjalistycznej wsp\u00f3\u0142pracy. Aby zapewni\u0107 naszym Klientom kompleksowe i niezawodne wsparcie na ka\u017cdym etapie wej\u015bcia na rynek i rozwoju dzia\u0142alno\u015bci, nawi\u0105zali\u015bmy \u015bcis\u0142\u0105 wsp\u00f3\u0142prac\u0119 z wiod\u0105cymi firmami doradczymi i eksperckimi. Razem z naszymi partnerami oferujemy synergi\u0119 us\u0142ug, kt\u00f3ra wykracza poza sam handel i sourcing. [&hellip;]","og_url":"https:\/\/landm.pl\/?page_id=51&lang=pl","og_site_name":"L AND M TRADING","article_modified_time":"2025-12-13T10:12:02+00:00","twitter_card":"summary_large_image","twitter_misc":{"Szacowany czas czytania":"1 minuta"},"schema":{"@context":"https:\/\/schema.org","@graph":[{"@type":"WebPage","@id":"https:\/\/landm.pl\/?page_id=51&lang=pl","url":"https:\/\/landm.pl\/?page_id=51&lang=pl","name":"PARTNERZY - L AND M TRADING","isPartOf":{"@id":"https:\/\/landm.pl\/#website"},"datePublished":"2025-12-12T22:48:50+00:00","dateModified":"2025-12-13T10:12:02+00:00","breadcrumb":{"@id":"https:\/\/landm.pl\/?page_id=51&lang=pl#breadcrumb"},"inLanguage":"pl-PL","potentialAction":[{"@type":"ReadAction","target":["https:\/\/landm.pl\/?page_id=51&lang=pl"]}]},{"@type":"BreadcrumbList","@id":"https:\/\/landm.pl\/?page_id=51&lang=pl#breadcrumb","itemListElement":[{"@type":"ListItem","position":1,"name":"Strona g\u0142\u00f3wna","item":"https:\/\/landm.pl\/?page_id=39&lang=pl"},{"@type":"ListItem","position":2,"name":"PARTNERZY"}]},{"@type":"WebSite","@id":"https:\/\/landm.pl\/#website","url":"https:\/\/landm.pl\/","name":"L AND M TRADING your partners in ecommerce","description":"your Chi-Pol e-commerce partner","publisher":{"@id":"https:\/\/landm.pl\/#organization"},"potentialAction":[{"@type":"SearchAction","target":{"@type":"EntryPoint","urlTemplate":"https:\/\/landm.pl\/?s={search_term_string}"},"query-input":{"@type":"PropertyValueSpecification","valueRequired":true,"valueName":"search_term_string"}}],"inLanguage":"pl-PL"},{"@type":"Organization","@id":"https:\/\/landm.pl\/#organization","name":"L AND M TRADING","url":"https:\/\/landm.pl\/","logo":{"@type":"ImageObject","inLanguage":"pl-PL","@id":"https:\/\/landm.pl\/#\/schema\/logo\/image\/","url":"https:\/\/landm.pl\/wp-content\/uploads\/2025\/12\/LM.png","contentUrl":"https:\/\/landm.pl\/wp-content\/uploads\/2025\/12\/LM.png","width":500,"height":500,"caption":"L AND M TRADING"},"image":{"@id":"https:\/\/landm.pl\/#\/schema\/logo\/image\/"}}]}},"_links":{"self":[{"href":"https:\/\/landm.pl\/index.php?rest_route=\/wp\/v2\/pages\/51","targetHints":{"allow":["GET"]}}],"collection":[{"href":"https:\/\/landm.pl\/index.php?rest_route=\/wp\/v2\/pages"}],"about":[{"href":"https:\/\/landm.pl\/index.php?rest_route=\/wp\/v2\/types\/page"}],"author":[{"embeddable":true,"href":"https:\/\/landm.pl\/index.php?rest_route=\/wp\/v2\/users\/1"}],"replies":[{"embeddable":true,"href":"https:\/\/landm.pl\/index.php?rest_route=%2Fwp%2Fv2%2Fcomments&post=51"}],"version-history":[{"count":2,"href":"https:\/\/landm.pl\/index.php?rest_route=\/wp\/v2\/pages\/51\/revisions"}],"predecessor-version":[{"id":127,"href":"https:\/\/landm.pl\/index.php?rest_route=\/wp\/v2\/pages\/51\/revisions\/127"}],"wp:attachment":[{"href":"https:\/\/landm.pl\/index.php?rest_route=%2Fwp%2Fv2%2Fmedia&parent=51"}],"curies":[{"name":"wp","href":"https:\/\/api.w.org\/{rel}","templated":true}]}}