{"id":32,"date":"2025-12-12T23:25:07","date_gmt":"2025-12-12T22:25:07","guid":{"rendered":"https:\/\/landm.pl\/?page_id=32"},"modified":"2025-12-15T17:18:53","modified_gmt":"2025-12-15T16:18:53","slug":"uslugi-2","status":"publish","type":"page","link":"https:\/\/landm.pl\/?page_id=32&lang=pl","title":{"rendered":"US\u0141UGI"},"content":{"rendered":"\n<figure class=\"wp-block-image aligncenter size-medium\"><img loading=\"lazy\" decoding=\"async\" width=\"300\" height=\"300\" src=\"https:\/\/landm.pl\/wp-content\/uploads\/2025\/12\/Copilot_20251213_140356-300x300.png\" alt=\"\" class=\"wp-image-157\" srcset=\"https:\/\/landm.pl\/wp-content\/uploads\/2025\/12\/Copilot_20251213_140356-300x300.png 300w, https:\/\/landm.pl\/wp-content\/uploads\/2025\/12\/Copilot_20251213_140356-150x150.png 150w, https:\/\/landm.pl\/wp-content\/uploads\/2025\/12\/Copilot_20251213_140356-768x768.png 768w, https:\/\/landm.pl\/wp-content\/uploads\/2025\/12\/Copilot_20251213_140356.png 1024w\" sizes=\"auto, (max-width: 300px) 100vw, 300px\" \/><\/figure>\n\n\n\n<blockquote class=\"wp-block-quote is-layout-flow wp-block-quote-is-layout-flow\">\n<p><strong>Nasze us\u0142ugi obemuj\u0105 w szczeg\u00f3lno\u015bci:<\/strong><\/p>\n\n\n\n<p><strong>Po\u015brednictwo i sourcing w Chinach:<\/strong> Znajdujemy, weryfikujemy i negocjujemy z rzetelnymi dostawcami i producentami w Chinach, dostosowuj\u0105c si\u0119 do specyfiki bran\u017cy e-commerce.<\/p>\n\n\n\n<p><strong>\u0141\u0105czenie polskich hurtowni z dostawcami:<\/strong> Budujemy stabilne relacje B2B, zapewniaj\u0105c polskim hurtowniom dost\u0119p do konkurencyjnych produkt\u00f3w z bezpo\u015bredniego \u017ar\u00f3d\u0142a.<\/p>\n\n\n\n<p><strong>Handel hurtowy (B2B):<\/strong> Zaopatrujemy sklepy internetowe i przedsi\u0119biorstwa w szerok\u0105 gam\u0119 towar\u00f3w, oferuj\u0105c wsparcie logistyczne i doradztwo.<\/p>\n\n\n\n<p><strong>Doradztwo i wsparcie w e-commerce:<\/strong> Pomagamy firmom (w tym chi\u0144skim) w skutecznym wej\u015bciu i rozwoju na rynku polskim i w Europejskim Obszarze Gospodarczym (EOG). Dzi\u0119ki naszym partnerom oferujemy wiedz\u0119 na temat: regulacji prawnych, logistyki, marketingu, preferencji lokalnych klient\u00f3w oraz zak\u0142adania i prowadzenia dzia\u0142alno\u015bci.<\/p>\n\n\n\n<p><strong>Kompleksowa obs\u0142uga \u0142a\u0144cucha dostaw:<\/strong> Koordynacja transportu, odprawy celne, magazynowanie \u2013 dbamy o ka\u017cdy etap, aby Tw\u00f3j towar dotar\u0142 bezpiecznie i na czas.<\/p>\n<\/blockquote>\n","protected":false},"excerpt":{"rendered":"<p>Nasze us\u0142ugi obemuj\u0105 w szczeg\u00f3lno\u015bci: Po\u015brednictwo i sourcing w Chinach: Znajdujemy, weryfikujemy i negocjujemy z rzetelnymi dostawcami i producentami w Chinach, dostosowuj\u0105c si\u0119 do specyfiki bran\u017cy e-commerce. \u0141\u0105czenie polskich hurtowni z dostawcami: Budujemy stabilne relacje B2B, zapewniaj\u0105c polskim hurtowniom dost\u0119p do konkurencyjnych produkt\u00f3w z bezpo\u015bredniego \u017ar\u00f3d\u0142a. Handel hurtowy (B2B): Zaopatrujemy sklepy internetowe i przedsi\u0119biorstwa w [&hellip;]<\/p>\n","protected":false},"author":1,"featured_media":0,"parent":0,"menu_order":0,"comment_status":"closed","ping_status":"closed","template":"","meta":{"footnotes":""},"class_list":["post-32","page","type-page","status-publish","hentry"],"blocksy_meta":[],"yoast_head":"<!-- This site is optimized with the Yoast SEO plugin v26.5 - https:\/\/yoast.com\/wordpress\/plugins\/seo\/ -->\n<title>US\u0141UGI - L AND M TRADING<\/title>\n<meta name=\"robots\" content=\"index, follow, max-snippet:-1, max-image-preview:large, max-video-preview:-1\" \/>\n<link rel=\"canonical\" href=\"https:\/\/landm.pl\/?page_id=32&lang=pl\" \/>\n<meta property=\"og:locale\" content=\"pl_PL\" \/>\n<meta property=\"og:type\" content=\"article\" \/>\n<meta property=\"og:title\" content=\"US\u0141UGI - L AND M TRADING\" \/>\n<meta property=\"og:description\" content=\"Nasze us\u0142ugi obemuj\u0105 w szczeg\u00f3lno\u015bci: Po\u015brednictwo i sourcing w Chinach: Znajdujemy, weryfikujemy i negocjujemy z rzetelnymi dostawcami i producentami w Chinach, dostosowuj\u0105c si\u0119 do specyfiki bran\u017cy e-commerce. \u0141\u0105czenie polskich hurtowni z dostawcami: Budujemy stabilne relacje B2B, zapewniaj\u0105c polskim hurtowniom dost\u0119p do konkurencyjnych produkt\u00f3w z bezpo\u015bredniego \u017ar\u00f3d\u0142a. Handel hurtowy (B2B): Zaopatrujemy sklepy internetowe i przedsi\u0119biorstwa w [&hellip;]\" \/>\n<meta property=\"og:url\" content=\"https:\/\/landm.pl\/?page_id=32&amp;lang=pl\" \/>\n<meta property=\"og:site_name\" content=\"L AND M TRADING\" \/>\n<meta property=\"article:modified_time\" content=\"2025-12-15T16:18:53+00:00\" \/>\n<meta property=\"og:image\" content=\"https:\/\/landm.pl\/wp-content\/uploads\/2025\/12\/Copilot_20251213_140356.png\" \/>\n\t<meta property=\"og:image:width\" content=\"1024\" \/>\n\t<meta property=\"og:image:height\" content=\"1024\" \/>\n\t<meta property=\"og:image:type\" content=\"image\/png\" \/>\n<meta name=\"twitter:card\" content=\"summary_large_image\" \/>\n<meta name=\"twitter:label1\" content=\"Szacowany czas czytania\" \/>\n\t<meta name=\"twitter:data1\" content=\"1 minuta\" \/>\n<script type=\"application\/ld+json\" class=\"yoast-schema-graph\">{\"@context\":\"https:\/\/schema.org\",\"@graph\":[{\"@type\":\"WebPage\",\"@id\":\"https:\/\/landm.pl\/?page_id=32&lang=pl\",\"url\":\"https:\/\/landm.pl\/?page_id=32&lang=pl\",\"name\":\"US\u0141UGI - L AND M TRADING\",\"isPartOf\":{\"@id\":\"https:\/\/landm.pl\/#website\"},\"primaryImageOfPage\":{\"@id\":\"https:\/\/landm.pl\/?page_id=32&lang=pl#primaryimage\"},\"image\":{\"@id\":\"https:\/\/landm.pl\/?page_id=32&lang=pl#primaryimage\"},\"thumbnailUrl\":\"https:\/\/landm.pl\/wp-content\/uploads\/2025\/12\/Copilot_20251213_140356-300x300.png\",\"datePublished\":\"2025-12-12T22:25:07+00:00\",\"dateModified\":\"2025-12-15T16:18:53+00:00\",\"breadcrumb\":{\"@id\":\"https:\/\/landm.pl\/?page_id=32&lang=pl#breadcrumb\"},\"inLanguage\":\"pl-PL\",\"potentialAction\":[{\"@type\":\"ReadAction\",\"target\":[\"https:\/\/landm.pl\/?page_id=32&lang=pl\"]}]},{\"@type\":\"ImageObject\",\"inLanguage\":\"pl-PL\",\"@id\":\"https:\/\/landm.pl\/?page_id=32&lang=pl#primaryimage\",\"url\":\"https:\/\/landm.pl\/wp-content\/uploads\/2025\/12\/Copilot_20251213_140356.png\",\"contentUrl\":\"https:\/\/landm.pl\/wp-content\/uploads\/2025\/12\/Copilot_20251213_140356.png\",\"width\":1024,\"height\":1024,\"caption\":\"End-to-End Supply Chain Management We oversee the entire logistics process\u2014from transport coordination and customs clearance to warehousing\u2014ensuring your goods are delivered safely and on schedule at every stage.\"},{\"@type\":\"BreadcrumbList\",\"@id\":\"https:\/\/landm.pl\/?page_id=32&lang=pl#breadcrumb\",\"itemListElement\":[{\"@type\":\"ListItem\",\"position\":1,\"name\":\"Strona g\u0142\u00f3wna\",\"item\":\"https:\/\/landm.pl\/?page_id=39&lang=pl\"},{\"@type\":\"ListItem\",\"position\":2,\"name\":\"US\u0141UGI\"}]},{\"@type\":\"WebSite\",\"@id\":\"https:\/\/landm.pl\/#website\",\"url\":\"https:\/\/landm.pl\/\",\"name\":\"L AND M TRADING your partners in ecommerce\",\"description\":\"your Chi-Pol e-commerce partner\",\"publisher\":{\"@id\":\"https:\/\/landm.pl\/#organization\"},\"potentialAction\":[{\"@type\":\"SearchAction\",\"target\":{\"@type\":\"EntryPoint\",\"urlTemplate\":\"https:\/\/landm.pl\/?s={search_term_string}\"},\"query-input\":{\"@type\":\"PropertyValueSpecification\",\"valueRequired\":true,\"valueName\":\"search_term_string\"}}],\"inLanguage\":\"pl-PL\"},{\"@type\":\"Organization\",\"@id\":\"https:\/\/landm.pl\/#organization\",\"name\":\"L AND M TRADING\",\"url\":\"https:\/\/landm.pl\/\",\"logo\":{\"@type\":\"ImageObject\",\"inLanguage\":\"pl-PL\",\"@id\":\"https:\/\/landm.pl\/#\/schema\/logo\/image\/\",\"url\":\"https:\/\/landm.pl\/wp-content\/uploads\/2025\/12\/LM.png\",\"contentUrl\":\"https:\/\/landm.pl\/wp-content\/uploads\/2025\/12\/LM.png\",\"width\":500,\"height\":500,\"caption\":\"L AND M TRADING\"},\"image\":{\"@id\":\"https:\/\/landm.pl\/#\/schema\/logo\/image\/\"}}]}<\/script>\n<!-- \/ Yoast SEO plugin. -->","yoast_head_json":{"title":"US\u0141UGI - L AND M TRADING","robots":{"index":"index","follow":"follow","max-snippet":"max-snippet:-1","max-image-preview":"max-image-preview:large","max-video-preview":"max-video-preview:-1"},"canonical":"https:\/\/landm.pl\/?page_id=32&lang=pl","og_locale":"pl_PL","og_type":"article","og_title":"US\u0141UGI - L AND M TRADING","og_description":"Nasze us\u0142ugi obemuj\u0105 w szczeg\u00f3lno\u015bci: Po\u015brednictwo i sourcing w Chinach: Znajdujemy, weryfikujemy i negocjujemy z rzetelnymi dostawcami i producentami w Chinach, dostosowuj\u0105c si\u0119 do specyfiki bran\u017cy e-commerce. \u0141\u0105czenie polskich hurtowni z dostawcami: Budujemy stabilne relacje B2B, zapewniaj\u0105c polskim hurtowniom dost\u0119p do konkurencyjnych produkt\u00f3w z bezpo\u015bredniego \u017ar\u00f3d\u0142a. Handel hurtowy (B2B): Zaopatrujemy sklepy internetowe i przedsi\u0119biorstwa w [&hellip;]","og_url":"https:\/\/landm.pl\/?page_id=32&lang=pl","og_site_name":"L AND M TRADING","article_modified_time":"2025-12-15T16:18:53+00:00","og_image":[{"width":1024,"height":1024,"url":"https:\/\/landm.pl\/wp-content\/uploads\/2025\/12\/Copilot_20251213_140356.png","type":"image\/png"}],"twitter_card":"summary_large_image","twitter_misc":{"Szacowany czas czytania":"1 minuta"},"schema":{"@context":"https:\/\/schema.org","@graph":[{"@type":"WebPage","@id":"https:\/\/landm.pl\/?page_id=32&lang=pl","url":"https:\/\/landm.pl\/?page_id=32&lang=pl","name":"US\u0141UGI - L AND M TRADING","isPartOf":{"@id":"https:\/\/landm.pl\/#website"},"primaryImageOfPage":{"@id":"https:\/\/landm.pl\/?page_id=32&lang=pl#primaryimage"},"image":{"@id":"https:\/\/landm.pl\/?page_id=32&lang=pl#primaryimage"},"thumbnailUrl":"https:\/\/landm.pl\/wp-content\/uploads\/2025\/12\/Copilot_20251213_140356-300x300.png","datePublished":"2025-12-12T22:25:07+00:00","dateModified":"2025-12-15T16:18:53+00:00","breadcrumb":{"@id":"https:\/\/landm.pl\/?page_id=32&lang=pl#breadcrumb"},"inLanguage":"pl-PL","potentialAction":[{"@type":"ReadAction","target":["https:\/\/landm.pl\/?page_id=32&lang=pl"]}]},{"@type":"ImageObject","inLanguage":"pl-PL","@id":"https:\/\/landm.pl\/?page_id=32&lang=pl#primaryimage","url":"https:\/\/landm.pl\/wp-content\/uploads\/2025\/12\/Copilot_20251213_140356.png","contentUrl":"https:\/\/landm.pl\/wp-content\/uploads\/2025\/12\/Copilot_20251213_140356.png","width":1024,"height":1024,"caption":"End-to-End Supply Chain Management We oversee the entire logistics process\u2014from transport coordination and customs clearance to warehousing\u2014ensuring your goods are delivered safely and on schedule at every stage."},{"@type":"BreadcrumbList","@id":"https:\/\/landm.pl\/?page_id=32&lang=pl#breadcrumb","itemListElement":[{"@type":"ListItem","position":1,"name":"Strona g\u0142\u00f3wna","item":"https:\/\/landm.pl\/?page_id=39&lang=pl"},{"@type":"ListItem","position":2,"name":"US\u0141UGI"}]},{"@type":"WebSite","@id":"https:\/\/landm.pl\/#website","url":"https:\/\/landm.pl\/","name":"L AND M TRADING your partners in ecommerce","description":"your Chi-Pol e-commerce partner","publisher":{"@id":"https:\/\/landm.pl\/#organization"},"potentialAction":[{"@type":"SearchAction","target":{"@type":"EntryPoint","urlTemplate":"https:\/\/landm.pl\/?s={search_term_string}"},"query-input":{"@type":"PropertyValueSpecification","valueRequired":true,"valueName":"search_term_string"}}],"inLanguage":"pl-PL"},{"@type":"Organization","@id":"https:\/\/landm.pl\/#organization","name":"L AND M TRADING","url":"https:\/\/landm.pl\/","logo":{"@type":"ImageObject","inLanguage":"pl-PL","@id":"https:\/\/landm.pl\/#\/schema\/logo\/image\/","url":"https:\/\/landm.pl\/wp-content\/uploads\/2025\/12\/LM.png","contentUrl":"https:\/\/landm.pl\/wp-content\/uploads\/2025\/12\/LM.png","width":500,"height":500,"caption":"L AND M TRADING"},"image":{"@id":"https:\/\/landm.pl\/#\/schema\/logo\/image\/"}}]}},"_links":{"self":[{"href":"https:\/\/landm.pl\/index.php?rest_route=\/wp\/v2\/pages\/32","targetHints":{"allow":["GET"]}}],"collection":[{"href":"https:\/\/landm.pl\/index.php?rest_route=\/wp\/v2\/pages"}],"about":[{"href":"https:\/\/landm.pl\/index.php?rest_route=\/wp\/v2\/types\/page"}],"author":[{"embeddable":true,"href":"https:\/\/landm.pl\/index.php?rest_route=\/wp\/v2\/users\/1"}],"replies":[{"embeddable":true,"href":"https:\/\/landm.pl\/index.php?rest_route=%2Fwp%2Fv2%2Fcomments&post=32"}],"version-history":[{"count":6,"href":"https:\/\/landm.pl\/index.php?rest_route=\/wp\/v2\/pages\/32\/revisions"}],"predecessor-version":[{"id":201,"href":"https:\/\/landm.pl\/index.php?rest_route=\/wp\/v2\/pages\/32\/revisions\/201"}],"wp:attachment":[{"href":"https:\/\/landm.pl\/index.php?rest_route=%2Fwp%2Fv2%2Fmedia&parent=32"}],"curies":[{"name":"wp","href":"https:\/\/api.w.org\/{rel}","templated":true}]}}