{"id":2,"date":"2025-12-12T21:27:46","date_gmt":"2025-12-12T20:27:46","guid":{"rendered":"http:\/\/landm.pl\/?page_id=2"},"modified":"2025-12-12T23:49:40","modified_gmt":"2025-12-12T22:49:40","slug":"przykladowa-strona","status":"publish","type":"page","link":"https:\/\/landm.pl\/?page_id=2&lang=pl","title":{"rendered":"O NAS"},"content":{"rendered":"\n<p><strong>Tw\u00f3j sukces w e-commerce<\/strong><\/p>\n\n\n\n<p>Jeste\u015bmy <strong>L AND M Trading Sp. z o.o.<\/strong>, dynamiczn\u0105 sp\u00f3\u0142k\u0105 z siedzib\u0105 w Gdyni, kt\u00f3ra ma ambicj\u0119 stanowi\u0107 strategiczny pomost pomi\u0119dzy polskim i europejskim rynkiem e-commerce a potencja\u0142em chi\u0144skich dostawc\u00f3w.<\/p>\n\n\n\n<p>Nasz\u0105 misj\u0105 jest budowanie trwa\u0142ych i efektywnych kana\u0142\u00f3w dostaw, kt\u00f3re pozwalaj\u0105 naszym Klientom \u2013 zar\u00f3wno hurtowniom, jak i rozwijaj\u0105cym si\u0119 sklepom online \u2013 konkurowa\u0107 na najwy\u017cszym poziomie. \u0141\u0105czymy <strong>g\u0142\u0119bok\u0105 znajomo\u015b\u0107 polskiego biznesu, prawa i regulacji unijnych<\/strong> z <strong>wiedz\u0105 eksperck\u0105 na temat chi\u0144skiego rynku e-commerce i sieci dostawc\u00f3w<\/strong>. Dzi\u0119ki temu minimalizujemy ryzyko, optymalizujemy koszty i otwieramy drog\u0119 do warto\u015bciowych, sprawdzonych partner\u00f3w w Azji.<\/p>\n","protected":false},"excerpt":{"rendered":"<p>Tw\u00f3j sukces w e-commerce Jeste\u015bmy L AND M Trading Sp. z o.o., dynamiczn\u0105 sp\u00f3\u0142k\u0105 z siedzib\u0105 w Gdyni, kt\u00f3ra ma ambicj\u0119 stanowi\u0107 strategiczny pomost pomi\u0119dzy polskim i europejskim rynkiem e-commerce a potencja\u0142em chi\u0144skich dostawc\u00f3w. Nasz\u0105 misj\u0105 jest budowanie trwa\u0142ych i efektywnych kana\u0142\u00f3w dostaw, kt\u00f3re pozwalaj\u0105 naszym Klientom \u2013 zar\u00f3wno hurtowniom, jak i rozwijaj\u0105cym si\u0119 sklepom [&hellip;]<\/p>\n","protected":false},"author":1,"featured_media":0,"parent":0,"menu_order":0,"comment_status":"closed","ping_status":"open","template":"","meta":{"footnotes":""},"class_list":["post-2","page","type-page","status-publish","hentry"],"blocksy_meta":[],"yoast_head":"<!-- This site is optimized with the Yoast SEO plugin v26.5 - https:\/\/yoast.com\/wordpress\/plugins\/seo\/ -->\n<title>O NAS - L AND M TRADING<\/title>\n<meta name=\"robots\" content=\"index, follow, max-snippet:-1, max-image-preview:large, max-video-preview:-1\" \/>\n<link rel=\"canonical\" href=\"https:\/\/landm.pl\/?page_id=2&lang=pl\" \/>\n<meta property=\"og:locale\" content=\"pl_PL\" \/>\n<meta property=\"og:type\" content=\"article\" \/>\n<meta property=\"og:title\" content=\"O NAS - L AND M TRADING\" \/>\n<meta property=\"og:description\" content=\"Tw\u00f3j sukces w e-commerce Jeste\u015bmy L AND M Trading Sp. z o.o., dynamiczn\u0105 sp\u00f3\u0142k\u0105 z siedzib\u0105 w Gdyni, kt\u00f3ra ma ambicj\u0119 stanowi\u0107 strategiczny pomost pomi\u0119dzy polskim i europejskim rynkiem e-commerce a potencja\u0142em chi\u0144skich dostawc\u00f3w. Nasz\u0105 misj\u0105 jest budowanie trwa\u0142ych i efektywnych kana\u0142\u00f3w dostaw, kt\u00f3re pozwalaj\u0105 naszym Klientom \u2013 zar\u00f3wno hurtowniom, jak i rozwijaj\u0105cym si\u0119 sklepom [&hellip;]\" \/>\n<meta property=\"og:url\" content=\"https:\/\/landm.pl\/?page_id=2&amp;lang=pl\" \/>\n<meta property=\"og:site_name\" content=\"L AND M TRADING\" \/>\n<meta property=\"article:modified_time\" content=\"2025-12-12T22:49:40+00:00\" \/>\n<meta name=\"twitter:card\" content=\"summary_large_image\" \/>\n<meta name=\"twitter:label1\" content=\"Szacowany czas czytania\" \/>\n\t<meta name=\"twitter:data1\" content=\"1 minuta\" \/>\n<script type=\"application\/ld+json\" class=\"yoast-schema-graph\">{\"@context\":\"https:\/\/schema.org\",\"@graph\":[{\"@type\":\"WebPage\",\"@id\":\"https:\/\/landm.pl\/?page_id=2&lang=pl\",\"url\":\"https:\/\/landm.pl\/?page_id=2&lang=pl\",\"name\":\"O NAS - L AND M TRADING\",\"isPartOf\":{\"@id\":\"https:\/\/landm.pl\/#website\"},\"datePublished\":\"2025-12-12T20:27:46+00:00\",\"dateModified\":\"2025-12-12T22:49:40+00:00\",\"breadcrumb\":{\"@id\":\"https:\/\/landm.pl\/?page_id=2&lang=pl#breadcrumb\"},\"inLanguage\":\"pl-PL\",\"potentialAction\":[{\"@type\":\"ReadAction\",\"target\":[\"https:\/\/landm.pl\/?page_id=2&lang=pl\"]}]},{\"@type\":\"BreadcrumbList\",\"@id\":\"https:\/\/landm.pl\/?page_id=2&lang=pl#breadcrumb\",\"itemListElement\":[{\"@type\":\"ListItem\",\"position\":1,\"name\":\"Strona g\u0142\u00f3wna\",\"item\":\"https:\/\/landm.pl\/?page_id=39&lang=pl\"},{\"@type\":\"ListItem\",\"position\":2,\"name\":\"O NAS\"}]},{\"@type\":\"WebSite\",\"@id\":\"https:\/\/landm.pl\/#website\",\"url\":\"https:\/\/landm.pl\/\",\"name\":\"L AND M TRADING your partners in ecommerce\",\"description\":\"your Chi-Pol e-commerce partner\",\"publisher\":{\"@id\":\"https:\/\/landm.pl\/#organization\"},\"potentialAction\":[{\"@type\":\"SearchAction\",\"target\":{\"@type\":\"EntryPoint\",\"urlTemplate\":\"https:\/\/landm.pl\/?s={search_term_string}\"},\"query-input\":{\"@type\":\"PropertyValueSpecification\",\"valueRequired\":true,\"valueName\":\"search_term_string\"}}],\"inLanguage\":\"pl-PL\"},{\"@type\":\"Organization\",\"@id\":\"https:\/\/landm.pl\/#organization\",\"name\":\"L AND M TRADING\",\"url\":\"https:\/\/landm.pl\/\",\"logo\":{\"@type\":\"ImageObject\",\"inLanguage\":\"pl-PL\",\"@id\":\"https:\/\/landm.pl\/#\/schema\/logo\/image\/\",\"url\":\"https:\/\/landm.pl\/wp-content\/uploads\/2025\/12\/LM.png\",\"contentUrl\":\"https:\/\/landm.pl\/wp-content\/uploads\/2025\/12\/LM.png\",\"width\":500,\"height\":500,\"caption\":\"L AND M TRADING\"},\"image\":{\"@id\":\"https:\/\/landm.pl\/#\/schema\/logo\/image\/\"}}]}<\/script>\n<!-- \/ Yoast SEO plugin. -->","yoast_head_json":{"title":"O NAS - L AND M TRADING","robots":{"index":"index","follow":"follow","max-snippet":"max-snippet:-1","max-image-preview":"max-image-preview:large","max-video-preview":"max-video-preview:-1"},"canonical":"https:\/\/landm.pl\/?page_id=2&lang=pl","og_locale":"pl_PL","og_type":"article","og_title":"O NAS - L AND M TRADING","og_description":"Tw\u00f3j sukces w e-commerce Jeste\u015bmy L AND M Trading Sp. z o.o., dynamiczn\u0105 sp\u00f3\u0142k\u0105 z siedzib\u0105 w Gdyni, kt\u00f3ra ma ambicj\u0119 stanowi\u0107 strategiczny pomost pomi\u0119dzy polskim i europejskim rynkiem e-commerce a potencja\u0142em chi\u0144skich dostawc\u00f3w. Nasz\u0105 misj\u0105 jest budowanie trwa\u0142ych i efektywnych kana\u0142\u00f3w dostaw, kt\u00f3re pozwalaj\u0105 naszym Klientom \u2013 zar\u00f3wno hurtowniom, jak i rozwijaj\u0105cym si\u0119 sklepom [&hellip;]","og_url":"https:\/\/landm.pl\/?page_id=2&lang=pl","og_site_name":"L AND M TRADING","article_modified_time":"2025-12-12T22:49:40+00:00","twitter_card":"summary_large_image","twitter_misc":{"Szacowany czas czytania":"1 minuta"},"schema":{"@context":"https:\/\/schema.org","@graph":[{"@type":"WebPage","@id":"https:\/\/landm.pl\/?page_id=2&lang=pl","url":"https:\/\/landm.pl\/?page_id=2&lang=pl","name":"O NAS - L AND M TRADING","isPartOf":{"@id":"https:\/\/landm.pl\/#website"},"datePublished":"2025-12-12T20:27:46+00:00","dateModified":"2025-12-12T22:49:40+00:00","breadcrumb":{"@id":"https:\/\/landm.pl\/?page_id=2&lang=pl#breadcrumb"},"inLanguage":"pl-PL","potentialAction":[{"@type":"ReadAction","target":["https:\/\/landm.pl\/?page_id=2&lang=pl"]}]},{"@type":"BreadcrumbList","@id":"https:\/\/landm.pl\/?page_id=2&lang=pl#breadcrumb","itemListElement":[{"@type":"ListItem","position":1,"name":"Strona g\u0142\u00f3wna","item":"https:\/\/landm.pl\/?page_id=39&lang=pl"},{"@type":"ListItem","position":2,"name":"O NAS"}]},{"@type":"WebSite","@id":"https:\/\/landm.pl\/#website","url":"https:\/\/landm.pl\/","name":"L AND M TRADING your partners in ecommerce","description":"your Chi-Pol e-commerce partner","publisher":{"@id":"https:\/\/landm.pl\/#organization"},"potentialAction":[{"@type":"SearchAction","target":{"@type":"EntryPoint","urlTemplate":"https:\/\/landm.pl\/?s={search_term_string}"},"query-input":{"@type":"PropertyValueSpecification","valueRequired":true,"valueName":"search_term_string"}}],"inLanguage":"pl-PL"},{"@type":"Organization","@id":"https:\/\/landm.pl\/#organization","name":"L AND M TRADING","url":"https:\/\/landm.pl\/","logo":{"@type":"ImageObject","inLanguage":"pl-PL","@id":"https:\/\/landm.pl\/#\/schema\/logo\/image\/","url":"https:\/\/landm.pl\/wp-content\/uploads\/2025\/12\/LM.png","contentUrl":"https:\/\/landm.pl\/wp-content\/uploads\/2025\/12\/LM.png","width":500,"height":500,"caption":"L AND M TRADING"},"image":{"@id":"https:\/\/landm.pl\/#\/schema\/logo\/image\/"}}]}},"_links":{"self":[{"href":"https:\/\/landm.pl\/index.php?rest_route=\/wp\/v2\/pages\/2","targetHints":{"allow":["GET"]}}],"collection":[{"href":"https:\/\/landm.pl\/index.php?rest_route=\/wp\/v2\/pages"}],"about":[{"href":"https:\/\/landm.pl\/index.php?rest_route=\/wp\/v2\/types\/page"}],"author":[{"embeddable":true,"href":"https:\/\/landm.pl\/index.php?rest_route=\/wp\/v2\/users\/1"}],"replies":[{"embeddable":true,"href":"https:\/\/landm.pl\/index.php?rest_route=%2Fwp%2Fv2%2Fcomments&post=2"}],"version-history":[{"count":4,"href":"https:\/\/landm.pl\/index.php?rest_route=\/wp\/v2\/pages\/2\/revisions"}],"predecessor-version":[{"id":179,"href":"https:\/\/landm.pl\/index.php?rest_route=\/wp\/v2\/pages\/2\/revisions\/179"}],"wp:attachment":[{"href":"https:\/\/landm.pl\/index.php?rest_route=%2Fwp%2Fv2%2Fmedia&parent=2"}],"curies":[{"name":"wp","href":"https:\/\/api.w.org\/{rel}","templated":true}]}}